{"id":1261,"date":"2015-07-23T14:27:58","date_gmt":"2015-07-23T14:27:58","guid":{"rendered":"http:\/\/medicine-plus.cmsmasters.net\/?page_id=1261"},"modified":"2023-09-16T21:01:04","modified_gmt":"2023-09-16T19:01:04","slug":"kontakt","status":"publish","type":"page","link":"https:\/\/www.rado-dent.pl\/dev\/kontakt\/","title":{"rendered":"Kontakt"},"content":{"rendered":"<style type=\"text\/css\"> \n#cmsms_row_69f35abcb35184_63918902 .cmsms_row_outer_parent { \n\tpadding-top: 60px; \n} \n\n#cmsms_row_69f35abcb35184_63918902 .cmsms_row_outer_parent { \n\tpadding-bottom: 70px; \n} \n\n \n#cmsms_heading_69f35abcb36324_36099472 { \n\ttext-align:left; \n\tmargin-top:0px; \n\tmargin-bottom:30px; \n} \n\n#cmsms_heading_69f35abcb36324_36099472 .cmsms_heading { \n\ttext-align:left; \n} \n\n#cmsms_heading_69f35abcb36324_36099472 .cmsms_heading, #cmsms_heading_69f35abcb36324_36099472 .cmsms_heading a { \n\tfont-weight:normal; \n\tfont-style:normal; \n} \n\n#cmsms_heading_69f35abcb36324_36099472 .cmsms_heading_divider { \n} \n\n \n#cmsms_divider_69f35abcb3e977_72261771 { \n\tborder-bottom-width:0px; \n\tborder-bottom-style:solid; \n\tpadding-top:20px; \n\tmargin-bottom:20px; \n} \n #cmsms_icon_list_items_69f35abcb3f248_77333569 { \n\tpadding-left:38px; \n} \n\n#cmsms_icon_list_items_69f35abcb3f248_77333569 .cmsms_icon_list_item:before { \n\tfont-size:18px; \n\tleft:-38px; \n} \n\n.cmsms_icon_list_items #cmsms_icon_list_item_69f35abcb405b0_54635998:before { \n\tcolor:#37d6c0;\n} \n\n.cmsms_icon_list_items #cmsms_icon_list_item_69f35abcb40d80_60620646:before { \n\tcolor:#37d6c0;\n} \n\n.cmsms_icon_list_items #cmsms_icon_list_item_69f35abcb41d16_26161679:before { \n\tcolor:#37d6c0;\n} \n<\/style><div id=\"cmsms_row_69f35abcb35184_63918902\" class=\"cmsms_row cmsms_color_scheme_default\">\n<div class=\"cmsms_row_outer_parent\">\n<div class=\"cmsms_row_outer\">\n<div class=\"cmsms_row_inner\">\n<div class=\"cmsms_row_margin\">\n<div class=\"cmsms_column one_half\">\n\n<div id=\"cmsms_heading_69f35abcb36324_36099472\" class=\"cmsms_heading_wrap cmsms_heading_align_left\">\n\t<h1 class=\"cmsms_heading\">Kontakt<\/h1>\n<\/div>\n<div class=\"cmsms_contact_form\"><div class=\"cmsms-form-builder\">\n<div class=\"cmsms_notice cmsms_notice_success cmsms_theme_icon_check success_box\" style=\"display:none;\">\n<div class=\"notice_icon\"><\/div>\n<div class=\"notice_content\">\n<p>Dzi\u0119kujemy<br \/>Twoja wiadomo\u015b\u0107 zosta\u0142a wys\u0142ana.<\/p>\n<\/div>\n<\/div>\n<script type=\"text\/javascript\"> \njQuery(document).ready(function () { \n\tjQuery('#form_2870').validationEngine('attach', { \n\t\tpromptPosition : 'topRight', \n\t\tscroll : false, \n\t\tautoPositionUpdate : true, \n\t\tshowArrow : false \n\t\t} ); \n\tjQuery('#form_2870 a#cmsms_2870_formsend').click(function () { \n\t\tjQuery('#form_2870 .loading').animate( { opacity : 1 } , 250); \n\t\tif (jQuery('#form_2870').validationEngine('validate')) { \n\t\t\tjQuery.post('https:\/\/www.rado-dent.pl\/dev\/wp-content\/plugins\/cmsms-contact-form-builder\/inc\/form-builder-sendmail.php', { \n\t\t\t\tcmsms_imi : jQuery('#cmsms_imi').val(), \n\t\t\t\tcmsms_email_3 : jQuery('#cmsms_email_3').val(), \n\t\t\t\tcmsms_telefon : jQuery('#cmsms_telefon').val(), \n\t\t\t\tcmsms_temat : jQuery('#cmsms_temat').val(), \n\t\t\t\tcmsms_wiadomo : jQuery('#cmsms_wiadomo').val(), \n\t\t\t\tcontactemail : 'Mjg3MHxnYWJpbmV0QHJhZG8tZGVudC5wbHwyODcw', \n\t\t\t\tformname : '2870' \r\t\t\t}, function (data) { \n\t\t\t\tjQuery('#form_2870 .loading').animate( { opacity : 0 } , 250); \n\t\t\t\tjQuery('#form_2870').fadeOut('slow'); \n\t\t\t\tdocument.getElementById('form_2870').reset(); \n\t\t\t\tjQuery('#form_2870').parent().find('.box').hide(); \n\t\t\t\tjQuery('#form_2870').parent().find('.success_box').fadeIn('fast'); \n\t\t\t\tjQuery('html, body').animate( { scrollTop : jQuery('#form_2870').offset().top - 140 } , 'slow'); \n\t\t\t\tjQuery('#form_2870').parent().find('.success_box').delay(5000).fadeOut(1000, function () { \n\t\t\t\t\tjQuery('#form_2870').fadeIn('slow'); \r\t\t\t\t} ); \r\t\t\t} ); \n\t\t\treturn false; \r\t\t} else { \n\t\t\tjQuery('#form_2870 .loading').animate( { opacity : 0 } , 250); \n\t\t\treturn false; \r\t\t} \r\t} ); \r} ); \n<\/script>\n<form action=\"#\" method=\"post\" id=\"form_2870\">\n\n<div class=\"form_info cmsms_input one_half\">\n\t<label for=\"cmsms_imi\">Imi\u0119 <span class=\"color_2\">*<\/span><\/label>\n\t<div class=\"form_field_wrap\">\n\t\t<input type=\"text\" name=\"cmsms_imi\" id=\"cmsms_imi\" value=\"\" size=\"35\" class=\"validate[required]\" \/>\r\t<\/div>\n<\/div>\n<div class=\"form_info cmsms_input one_half\">\n\t<label for=\"cmsms_email_3\">Email <span class=\"color_2\">*<\/span><\/label>\n\t<div class=\"form_field_wrap\">\n\t\t<input type=\"text\" name=\"cmsms_email_3\" id=\"cmsms_email_3\" value=\"\" size=\"35\" class=\"validate[required]\" \/>\r\t<\/div>\n<\/div>\n<div class=\"form_info cmsms_input one_half\">\n\t<label for=\"cmsms_telefon\">Telefon <span class=\"color_2\">*<\/span><\/label>\n\t<div class=\"form_field_wrap\">\n\t\t<input type=\"text\" name=\"cmsms_telefon\" id=\"cmsms_telefon\" value=\"\" size=\"35\" class=\"validate[required]\" \/>\r\t<\/div>\n<\/div>\n<div class=\"form_info cmsms_input one_half\">\n\t<label for=\"cmsms_temat\">Temat<\/label>\n\t<div class=\"form_field_wrap\">\n\t\t<input type=\"text\" name=\"cmsms_temat\" id=\"cmsms_temat\" value=\"\" size=\"35\" \/>\r\t<\/div>\n<\/div>\n<div class=\"form_info cmsms_textarea\">\n\t<label for=\"cmsms_wiadomo\">Wiadomo\u015b\u0107 <span class=\"color_2\">*<\/span><\/label>\n\t<div class=\"form_field_wrap\">\n\t\t<textarea name=\"cmsms_wiadomo\" id=\"cmsms_wiadomo\" cols=\"60\" rows=\"10\" class=\"validate[required]\"><\/textarea>\r\t<\/div>\n<\/div>\n<div class=\"cl\"><\/div>\n<div class=\"loading\"><\/div>\n<div class=\"form_info submit_wrap\">\n<a id=\"cmsms_2870_formsend\" class=\"cmsms_button\" href=\"#\"><span>Wy\u015blij wiadomo\u015b\u0107<\/span><\/a>\n<\/div>\n<div class=\"cl\"><\/div>\n<\/form>\n<\/div><\/div>\n<\/div>\n<div class=\"cmsms_column one_half\">\n<div class=\"custom_html\">\n<iframe loading=\"lazy\" src=\"https:\/\/www.google.com\/maps\/embed?pb=!1m18!1m12!1m3!1d2466.3203632875975!2d19.439395315781415!3d51.81857797968747!2m3!1f0!2f0!3f0!3m2!1i1024!2i768!4f13.1!3m3!1m2!1s0x0%3A0x71a1c0c2d5a3d74a!2sRado-Dent!5e0!3m2!1spl!2sus!4v1476707061902\" width=\"550\" height=\"300\" frameborder=\"0\" style=\"border:0\" allowfullscreen><\/iframe>\n<\/div>\n\n<div id=\"cmsms_divider_69f35abcb3e977_72261771\" class=\"cl\"><\/div>\n \n<ul id=\"cmsms_icon_list_items_69f35abcb3f248_77333569\" class=\"cmsms_icon_list_items cmsms_icon_list_type_list cmsms_icon_list_pos_left cmsms_color_type_border\"><li id=\"cmsms_icon_list_item_69f35abcb3fd65_02310660\" class=\"cmsms_icon_list_item cmsms-icon-message\">Nasz gabinet znajduje si\u0119 w niedalekiej odleg\u0142o\u015bci od postoju taks\u00f3wek oraz przystanku autobusowego linii 59,79,89.<\/li><li id=\"cmsms_icon_list_item_69f35abcb405b0_54635998\" class=\"cmsms_icon_list_item cmsms-icon-direction-3\">\u0141\u00f3d\u017a, ul. Julii 4 (\u015brodkowa klatka)<\/li><li id=\"cmsms_icon_list_item_69f35abcb40d80_60620646\" class=\"cmsms_icon_list_item cmsms-icon-phone-4\">+48 509 038 052<\/li><li id=\"cmsms_icon_list_item_69f35abcb41538_73239485\" class=\"cmsms_icon_list_item cmsms-icon-phone-4\">+48 507 127 719<\/li><li id=\"cmsms_icon_list_item_69f35abcb41d16_26161679\" class=\"cmsms_icon_list_item cmsms-icon-envelope-letter\">gabinet@rado-dent.pl<\/li><\/ul>\n<\/div>\n<\/div>\n<\/div>\n<\/div>\n<\/div>\n<\/div>\n\n","protected":false},"excerpt":{"rendered":"","protected":false},"author":1,"featured_media":0,"parent":0,"menu_order":0,"comment_status":"closed","ping_status":"open","template":"","meta":{"footnotes":""},"class_list":["post-1261","page","type-page","status-publish","hentry"],"_links":{"self":[{"href":"https:\/\/www.rado-dent.pl\/dev\/wp-json\/wp\/v2\/pages\/1261","targetHints":{"allow":["GET"]}}],"collection":[{"href":"https:\/\/www.rado-dent.pl\/dev\/wp-json\/wp\/v2\/pages"}],"about":[{"href":"https:\/\/www.rado-dent.pl\/dev\/wp-json\/wp\/v2\/types\/page"}],"author":[{"embeddable":true,"href":"https:\/\/www.rado-dent.pl\/dev\/wp-json\/wp\/v2\/users\/1"}],"replies":[{"embeddable":true,"href":"https:\/\/www.rado-dent.pl\/dev\/wp-json\/wp\/v2\/comments?post=1261"}],"version-history":[{"count":27,"href":"https:\/\/www.rado-dent.pl\/dev\/wp-json\/wp\/v2\/pages\/1261\/revisions"}],"predecessor-version":[{"id":4761,"href":"https:\/\/www.rado-dent.pl\/dev\/wp-json\/wp\/v2\/pages\/1261\/revisions\/4761"}],"wp:attachment":[{"href":"https:\/\/www.rado-dent.pl\/dev\/wp-json\/wp\/v2\/media?parent=1261"}],"curies":[{"name":"wp","href":"https:\/\/api.w.org\/{rel}","templated":true}]}}