{"id":4772,"date":"2023-10-29T19:46:02","date_gmt":"2023-10-29T18:46:02","guid":{"rendered":"https:\/\/www.rado-dent.pl\/dev\/?page_id=4772"},"modified":"2024-12-12T12:18:34","modified_gmt":"2024-12-12T11:18:34","slug":"medycyna-estetyczna-botoks","status":"publish","type":"page","link":"https:\/\/www.rado-dent.pl\/dev\/medycyna-estetyczna-botoks\/","title":{"rendered":"Medycyna estetyczna (botoks)"},"content":{"rendered":"<style type=\"text\/css\"> \n#cmsms_row_69f35b069190c9_73843514 .cmsms_row_outer_parent { \n\tpadding-top: 0px; \n} \n\n#cmsms_row_69f35b069190c9_73843514 .cmsms_row_outer_parent { \n\tpadding-bottom: 50px; \n} \n\n \n#cmsms_divider_69f35b0691a730_15447435 { \n\tborder-bottom-width:1px; \n\tborder-bottom-style:solid; \n\tpadding-top:50px; \n\tmargin-bottom:50px; \n} \n<\/style><div id=\"cmsms_row_69f35b069190c9_73843514\" class=\"cmsms_row cmsms_color_scheme_default\">\n<div class=\"cmsms_row_outer_parent\">\n<div class=\"cmsms_row_outer\">\n<div class=\"cmsms_row_inner\">\n<div class=\"cmsms_row_margin\">\n<div class=\"cmsms_column one_first\">\n\n<div id=\"cmsms_divider_69f35b0691a730_15447435\" class=\"cmsms_divider cmsms_divider_width_long cmsms_divider_pos_center\"><\/div>\n<\/div>\n<div class=\"cmsms_column one_first\">\n<\/div>\n<div class=\"cmsms_column one_first\">\n<div class=\"cmsms_text\">\n<p>Zapraszamy Pa\u0144stwa na zabiegi z wykorzystaniem toksyny botulinowej (botoks). Zabiegi wykonywane s\u0105 przez dr n. med. Piotra \u015alusarskiego<\/p>\n<p>Cennik:<\/p>\n<p><strong>Toksyna botulinowa &#8211; botox:<\/strong><br \/>\n&#8211; 1 okolica &#8211; 600 z\u0142<br \/>\n&#8211; 2 okolice &#8211; 800 zl<br \/>\n&#8211; 3 okolice &#8211; 1000 z\u0142<\/p>\n<p>Leczenie bruksizmu &#8211; 1000 z\u0142<\/p>\n<\/div>\n<\/div>\n<div class=\"cmsms_column one_first\">\n<\/div>\n<\/div>\n<\/div>\n<\/div>\n<\/div>\n<\/div>\n\n","protected":false},"excerpt":{"rendered":"","protected":false},"author":1,"featured_media":0,"parent":0,"menu_order":0,"comment_status":"closed","ping_status":"closed","template":"","meta":{"footnotes":""},"class_list":["post-4772","page","type-page","status-publish","hentry"],"_links":{"self":[{"href":"https:\/\/www.rado-dent.pl\/dev\/wp-json\/wp\/v2\/pages\/4772","targetHints":{"allow":["GET"]}}],"collection":[{"href":"https:\/\/www.rado-dent.pl\/dev\/wp-json\/wp\/v2\/pages"}],"about":[{"href":"https:\/\/www.rado-dent.pl\/dev\/wp-json\/wp\/v2\/types\/page"}],"author":[{"embeddable":true,"href":"https:\/\/www.rado-dent.pl\/dev\/wp-json\/wp\/v2\/users\/1"}],"replies":[{"embeddable":true,"href":"https:\/\/www.rado-dent.pl\/dev\/wp-json\/wp\/v2\/comments?post=4772"}],"version-history":[{"count":2,"href":"https:\/\/www.rado-dent.pl\/dev\/wp-json\/wp\/v2\/pages\/4772\/revisions"}],"predecessor-version":[{"id":4827,"href":"https:\/\/www.rado-dent.pl\/dev\/wp-json\/wp\/v2\/pages\/4772\/revisions\/4827"}],"wp:attachment":[{"href":"https:\/\/www.rado-dent.pl\/dev\/wp-json\/wp\/v2\/media?parent=4772"}],"curies":[{"name":"wp","href":"https:\/\/api.w.org\/{rel}","templated":true}]}}